{"id":3,"date":"2025-12-06T10:52:23","date_gmt":"2025-12-06T10:52:23","guid":{"rendered":"http:\/\/bourasg.cluster100.hosting.ovh.net\/?page_id=3"},"modified":"2025-12-08T11:29:31","modified_gmt":"2025-12-08T10:29:31","slug":"confidentialite","status":"publish","type":"page","link":"https:\/\/www.bourask.fr\/index.php\/confidentialite\/","title":{"rendered":"Mentions l\u00e9gales"},"content":{"rendered":"\n<h2 class=\"wp-block-heading\"> BouRas&rsquo;K<\/h2>\n\n\n\n<p class=\"has-theme-palette-7-background-color has-background\"><strong>\u00c9diteur du site<\/strong><br>Le site&nbsp;<a href=\"http:\/\/www.apixen-agency.com\/\">www.BouRas&rsquo;K.fr<\/a>&nbsp;est \u00e9dit\u00e9 par :<br>L&rsquo;agence BouRas&rsquo;K <br>Forme juridique : SA<br>Si\u00e8ge social : xxxxxxxxxxxxxxxx, FRANCE<br>RCS : XXXXXXXXXX<br>Num\u00e9ro de TVA intracommunautaire : FR24833429145<br>Email : contact@bourask.fr<br>Directeur de la publication : Agence BouRas&rsquo;K<br>\u200d<br><strong>H\u00e9bergeur<\/strong><br>Le site est h\u00e9berg\u00e9 par :<br>OVH SAS<br>2 rue Kellermann \u2013 59100 Roubaix \u2013 France<br>T\u00e9l. : 1007<br>Site :&nbsp;<a href=\"https:\/\/www.ovhcloud.com\/\">www.ovhcloud.com<br><br>\u200d<\/a><strong>Propri\u00e9t\u00e9 intellectuelle<\/strong><br>L\u2019ensemble du contenu du site (textes, images, graphismes, logo, ic\u00f4nes, etc.) est la propri\u00e9t\u00e9 exclusive de BouRas&rsquo;K, sauf mentions contraires. Toute reproduction, distribution, modification ou exploitation du contenu sans autorisation est interdite.<\/p>\n\n\n\n<p class=\"has-theme-palette-7-background-color has-background\"><strong>Donn\u00e9es personnelles<\/strong><br>Les donn\u00e9es collect\u00e9es via les formulaires du site sont destin\u00e9es exclusivement \u00e0 BouRas&rsquo;K.<br>Elles ne sont ni vendues, ni c\u00e9d\u00e9es \u00e0 des tiers. Conform\u00e9ment \u00e0 la loi \u00ab\u00a0Informatique et Libert\u00e9s\u00a0\u00bb et au RGPD, vous pouvez exercer vos droits d\u2019acc\u00e8s, de rectification ou de suppression de vos donn\u00e9es en nous contactant \u00e0 l\u2019adresse : contact@bourask.fr<\/p>\n\n\n\n<p class=\"has-theme-palette-7-background-color has-background\"><strong>Cookies<\/strong><br>Le site peut utiliser des cookies \u00e0 des fins de statistiques ou d\u2019am\u00e9lioration de l\u2019exp\u00e9rience utilisateur. Vous pouvez \u00e0 tout moment configurer votre navigateur pour refuser ou supprimer les cookies.<br>\u200d<br><strong>Responsabilit\u00e9<\/strong><br>L&rsquo;agence BouRas&rsquo;K s&rsquo;efforce de fournir des informations exactes et \u00e0 jour. Toutefois, elle ne saurait \u00eatre tenue responsable des erreurs ou omissions, ni des \u00e9ventuelles interruptions du site.<\/p>\n\n\n\n<h3 class=\"wp-block-heading has-text-align-center has-theme-palette-7-background-color has-background\"><strong><a href=\"https:\/\/www.bourask.fr\/index.php\/conditions-generales\/\" data-type=\"page\" data-id=\"387\">Nos conditions G\u00e9n\u00e9rales plus en d\u00e9tail ici<\/a><\/strong><\/h3>\n\n\n\n<p><\/p>\n\n\n\n<p><\/p>\n","protected":false},"excerpt":{"rendered":"<p>BouRas&rsquo;K \u00c9diteur du siteLe site&nbsp;www.BouRas&rsquo;K.fr&nbsp;est \u00e9dit\u00e9 par :L&rsquo;agence BouRas&rsquo;K Forme juridique : SASi\u00e8ge social : xxxxxxxxxxxxxxxx, FRANCERCS : XXXXXXXXXXNum\u00e9ro de TVA intracommunautaire : FR24833429145Email : contact@bourask.frDirecteur de la publication : Agence BouRas&rsquo;K\u200dH\u00e9bergeurLe site est h\u00e9berg\u00e9 par :OVH SAS2 rue Kellermann \u2013 59100 Roubaix \u2013 FranceT\u00e9l. : 1007Site :&nbsp;www.ovhcloud.com \u200dPropri\u00e9t\u00e9 intellectuelleL\u2019ensemble du contenu du site (textes,&#8230;<\/p>\n","protected":false},"author":1,"featured_media":0,"parent":0,"menu_order":0,"comment_status":"closed","ping_status":"closed","template":"","meta":{"_kadence_starter_templates_imported_post":false,"_kad_post_transparent":"","_kad_post_title":"","_kad_post_layout":"","_kad_post_sidebar_id":"","_kad_post_content_style":"","_kad_post_vertical_padding":"","_kad_post_feature":"","_kad_post_feature_position":"","_kad_post_header":false,"_kad_post_footer":false,"_kad_post_classname":"","footnotes":""},"class_list":["post-3","page","type-page","status-publish","hentry"],"_links":{"self":[{"href":"https:\/\/www.bourask.fr\/index.php\/wp-json\/wp\/v2\/pages\/3","targetHints":{"allow":["GET"]}}],"collection":[{"href":"https:\/\/www.bourask.fr\/index.php\/wp-json\/wp\/v2\/pages"}],"about":[{"href":"https:\/\/www.bourask.fr\/index.php\/wp-json\/wp\/v2\/types\/page"}],"author":[{"embeddable":true,"href":"https:\/\/www.bourask.fr\/index.php\/wp-json\/wp\/v2\/users\/1"}],"replies":[{"embeddable":true,"href":"https:\/\/www.bourask.fr\/index.php\/wp-json\/wp\/v2\/comments?post=3"}],"version-history":[{"count":9,"href":"https:\/\/www.bourask.fr\/index.php\/wp-json\/wp\/v2\/pages\/3\/revisions"}],"predecessor-version":[{"id":550,"href":"https:\/\/www.bourask.fr\/index.php\/wp-json\/wp\/v2\/pages\/3\/revisions\/550"}],"wp:attachment":[{"href":"https:\/\/www.bourask.fr\/index.php\/wp-json\/wp\/v2\/media?parent=3"}],"curies":[{"name":"wp","href":"https:\/\/api.w.org\/{rel}","templated":true}]}}